{"id":2042,"date":"2015-06-01T16:00:31","date_gmt":"2015-06-01T14:00:31","guid":{"rendered":"http:\/\/mediatheques.villeurbanne.fr\/agenda\/event-directory\/"},"modified":"2024-04-02T16:41:38","modified_gmt":"2024-04-02T14:41:38","slug":"event-directory","status":"publish","type":"page","link":"https:\/\/mediatheques.villeurbanne.fr\/agenda\/","title":{"rendered":"Rendez-vous des m\u00e9diath\u00e8ques"},"content":{"rendered":"<!-- EventON Calendar --><div id='evcal_calendar_161' class='ajde_evcal_calendar clean esty_0 flhi etttc_custom ajax_loading_cal' data-cal=''><div id='evcal_head' class='calendar_header ' ><div class='evo_cal_above evodfx evofx_dr_r marb5 evofx_ww'><span class='cal_head_btn evo-filter-btn vis'><em><\/em><\/span><span class='cal_head_btn evo-gototoday-btn' style='' data-mo='5' data-yr='2026' data-dy=''>Aller au mois actuel<\/span><\/div><div class='evo_cal_above_content'><\/div><div class='evo_header_title '><div class='evo_header_mo evodfx evofx_ai_c'><div class='evo_loading_bar_holder h100 noMinH swipe' style=''><div class='evo_loading_bar wid_80% hi_40px' style='width:80%; height:40px; '><\/div><\/div><\/div><\/div><\/div><div class='evo_filter_bar evo_main_filter_bar eventon_sorting_section vis'><div class='evo_filter_container evodfx evo_fx_ai_c'><div class='evo_filter_container_in'><div class='eventon_filter_line' ><div class='evo_loading_bar_holder h100 loading_filters swipe' style='min-height:30px;'><div class='nesthold r g10'><div class='evo_loading_bar wid_100% hi_30px' style='width:100%; height:30px; margin-bottom:1px;'><\/div><div class='evo_loading_bar wid_100% hi_30px' style='width:100%; height:30px; margin-bottom:1px;'><\/div><div class='evo_loading_bar wid_100% hi_30px' style='width:100%; height:30px; margin-bottom:1px;'><\/div><div class='evo_loading_bar wid_100% hi_30px' style='width:100%; height:30px; margin-bottom:1px;'><\/div><div class='evo_loading_bar wid_100% hi_30px' style='width:100%; height:30px; margin-bottom:1px;'><\/div><\/div><\/div><\/div><\/div><div class='evo_filter_nav evo_filter_l'><i class='fa fa-chevron-left'><\/i><\/div><div class='evo_filter_nav evo_filter_r'><i class='fa fa-chevron-right'><\/i><\/div><\/div><div class='evo_filter_aply_btns'><\/div><div class='evo_filter_menu'><\/div><\/div><div id='eventon_loadbar_section'><div id='eventon_loadbar'><\/div><\/div><!-- Events List --><div class='evo_events_list_box'><div id='evcal_list' class='eventon_events_list '><div class='evo_loading_bar_holder h100 loading_e swipe' style=''><div class='nest nest1 e'><div class='nesthold r g10'><div class='nest nest2 e1'><div class='evo_loading_bar wid_100px hi_95px' style='width:100px; height:95px; '><\/div><\/div><div class='nest nest2 e2'><div class='evo_loading_bar wid_50% hi_55px' style='width:50%; height:55px; '><\/div><div class='evo_loading_bar wid_90% hi_30px' style='width:90%; height:30px; '><\/div><\/div><\/div><\/div><div class='nest nest1 e'><div class='nesthold r g10'><div class='nest nest2 e1'><div class='evo_loading_bar wid_100px hi_95px' style='width:100px; height:95px; '><\/div><\/div><div class='nest nest2 e2'><div class='evo_loading_bar wid_50% hi_55px' style='width:50%; height:55px; '><\/div><div class='evo_loading_bar wid_90% hi_30px' style='width:90%; height:30px; '><\/div><\/div><\/div><\/div><div class='nest nest1 e'><div class='nesthold r g10'><div class='nest nest2 e1'><div class='evo_loading_bar wid_100px hi_95px' style='width:100px; height:95px; '><\/div><\/div><div class='nest nest2 e2'><div class='evo_loading_bar wid_50% hi_55px' style='width:50%; height:55px; '><\/div><div class='evo_loading_bar wid_90% hi_30px' style='width:90%; height:30px; '><\/div><\/div><\/div><\/div><\/div>\t\t\t<\/div>\r\n\t\t\t<\/div><!-- evo_events_list_box -->\t\r\n\t\t\t<div class='clear'><\/div>\r\n\t\t\t\t\t \t<div id='evcal_footer' class='evo_bottom' style='display:none'>\r\n\t\t \t\t<div class='evo_cal_data' data-sc=\"{&quot;accord&quot;:&quot;yes&quot;,&quot;bottom_nav&quot;:&quot;no&quot;,&quot;cal_id&quot;:&quot;&quot;,&quot;cal_init_nonajax&quot;:&quot;no&quot;,&quot;calendar_type&quot;:&quot;default&quot;,&quot;currentuser&quot;:&quot;no&quot;,&quot;ep_fields&quot;:&quot;&quot;,&quot;etc_override&quot;:&quot;yes&quot;,&quot;evc_open&quot;:&quot;no&quot;,&quot;event_count&quot;:0,&quot;event_location&quot;:&quot;all&quot;,&quot;event_order&quot;:&quot;ASC&quot;,&quot;event_organizer&quot;:&quot;all&quot;,&quot;event_parts&quot;:&quot;no&quot;,&quot;event_past_future&quot;:&quot;future&quot;,&quot;event_status&quot;:&quot;all&quot;,&quot;event_tag&quot;:&quot;all&quot;,&quot;event_type&quot;:&quot;all&quot;,&quot;event_type_2&quot;:&quot;all&quot;,&quot;event_users&quot;:&quot;all&quot;,&quot;event_virtual&quot;:&quot;all&quot;,&quot;eventtop_date_style&quot;:0,&quot;eventtop_style&quot;:&quot;0&quot;,&quot;exp_jumper&quot;:&quot;no&quot;,&quot;exp_so&quot;:&quot;yes&quot;,&quot;filter_relationship&quot;:&quot;AND&quot;,&quot;filter_show_set_only&quot;:&quot;no&quot;,&quot;filter_style&quot;:&quot;default&quot;,&quot;filter_type&quot;:&quot;default&quot;,&quot;filters&quot;:&quot;yes&quot;,&quot;fixed_month&quot;:&quot;5&quot;,&quot;fixed_year&quot;:&quot;2026&quot;,&quot;focus_end_date_range&quot;:&quot;1780264799&quot;,&quot;focus_start_date_range&quot;:&quot;1777586400&quot;,&quot;ft_event_priority&quot;:&quot;no&quot;,&quot;hide_arrows&quot;:&quot;no&quot;,&quot;hide_cancels&quot;:&quot;no&quot;,&quot;hide_empty_months&quot;:&quot;no&quot;,&quot;hide_end_time&quot;:&quot;no&quot;,&quot;hide_et_dn&quot;:&quot;no&quot;,&quot;hide_et_extra&quot;:&quot;no&quot;,&quot;hide_et_tags&quot;:&quot;no&quot;,&quot;hide_et_tl&quot;:&quot;no&quot;,&quot;hide_ft&quot;:&quot;no&quot;,&quot;hide_ft_img&quot;:&quot;no&quot;,&quot;hide_month_headers&quot;:&quot;no&quot;,&quot;hide_mult_occur&quot;:&quot;no&quot;,&quot;hide_past&quot;:&quot;yes&quot;,&quot;hide_past_by&quot;:&quot;ee&quot;,&quot;hide_so&quot;:&quot;no&quot;,&quot;ics&quot;:&quot;no&quot;,&quot;jumper&quot;:&quot;no&quot;,&quot;jumper_count&quot;:5,&quot;jumper_offset&quot;:&quot;0&quot;,&quot;lang&quot;:&quot;L1&quot;,&quot;layout_changer&quot;:&quot;no&quot;,&quot;livenow_bar&quot;:&quot;yes&quot;,&quot;mapformat&quot;:&quot;satellite&quot;,&quot;mapiconurl&quot;:&quot;&quot;,&quot;maps_load&quot;:&quot;yes&quot;,&quot;mapscroll&quot;:&quot;false&quot;,&quot;mapzoom&quot;:&quot;18&quot;,&quot;members_only&quot;:&quot;no&quot;,&quot;ml_priority&quot;:&quot;no&quot;,&quot;ml_toend&quot;:&quot;no&quot;,&quot;month_incre&quot;:0,&quot;number_of_months&quot;:&quot;1&quot;,&quot;only_ft&quot;:&quot;no&quot;,&quot;pec&quot;:&quot;&quot;,&quot;rss&quot;:&quot;yes&quot;,&quot;s&quot;:&quot;&quot;,&quot;search&quot;:&quot;&quot;,&quot;search_all&quot;:&quot;no&quot;,&quot;sep_month&quot;:&quot;no&quot;,&quot;show_et_ft_img&quot;:&quot;yes&quot;,&quot;show_limit&quot;:&quot;no&quot;,&quot;show_limit_ajax&quot;:&quot;no&quot;,&quot;show_limit_paged&quot;:1,&quot;show_limit_redir&quot;:&quot;&quot;,&quot;show_repeats&quot;:&quot;no&quot;,&quot;show_search&quot;:&quot;no&quot;,&quot;show_upcoming&quot;:0,&quot;show_year&quot;:&quot;no&quot;,&quot;social_share&quot;:&quot;no&quot;,&quot;sort_by&quot;:&quot;sort_date&quot;,&quot;tile_bg&quot;:0,&quot;tile_bg_size&quot;:&quot;full&quot;,&quot;tile_count&quot;:&quot;4&quot;,&quot;tile_height&quot;:0,&quot;tile_style&quot;:0,&quot;tiles&quot;:&quot;no&quot;,&quot;users&quot;:&quot;all&quot;,&quot;ux_val&quot;:&quot;3a&quot;,&quot;view_switcher&quot;:&quot;no&quot;,&quot;wpml_l1&quot;:&quot;&quot;,&quot;wpml_l2&quot;:&quot;&quot;,&quot;wpml_l3&quot;:&quot;&quot;,&quot;yl_priority&quot;:&quot;no&quot;,&quot;yl_toend&quot;:&quot;no&quot;,&quot;filter_hide_indicator&quot;:&quot;yes&quot;,&quot;0&quot;:&quot;add_eventon_list&quot;,&quot;fixed_day&quot;:&quot;2&quot;,&quot;_cver&quot;:&quot;4.9.10&quot;}\" data-filter_data=\"{&quot;event_type&quot;:{&quot;__name&quot;:&quot;Type d&#039;\\u00e9v\\u00e9nement&quot;,&quot;__tax&quot;:&quot;event_type&quot;,&quot;__filter_type&quot;:&quot;tax&quot;,&quot;__def_val&quot;:[&quot;all&quot;],&quot;__invals&quot;:[&quot;all&quot;],&quot;__notvals&quot;:[],&quot;__list&quot;:{&quot;all&quot;:[&quot;all&quot;,&quot;Tous&quot;],&quot;art-contemporain&quot;:[611,&quot;Art contemporain&quot;,false,&quot;y&quot;],&quot;arts-et-litterature&quot;:[612,&quot;Arts et Litt\\u00e9rature&quot;,false,&quot;y&quot;],&quot;cinema&quot;:[614,&quot;Cin\\u00e9ma&quot;,false,&quot;y&quot;],&quot;cultures-numeriques&quot;:[615,&quot;Culture num\\u00e9rique&quot;,false,&quot;y&quot;],&quot;decouvertes-et-societe&quot;:[1161,&quot;D\\u00e9couvertes et soci\\u00e9t\\u00e9&quot;,false,&quot;y&quot;],&quot;en-transes&quot;:[4325,&quot;En transes&quot;,false,&quot;y&quot;],&quot;fete-du-livre-jeunesse&quot;:[4242,&quot;F\\u00eate du livre jeunesse&quot;,false,&quot;y&quot;],&quot;jeune-public&quot;:[617,&quot;Jeune public&quot;,false,&quot;y&quot;],&quot;musique&quot;:[613,&quot;Musique&quot;,false,&quot;y&quot;],&quot;vivez-lete&quot;:[4334,&quot;Vivez l&#039;\\u00e9t\\u00e9&quot;,false,&quot;y&quot;]},&quot;nterms&quot;:[&quot;all&quot;],&quot;tterms&quot;:[&quot;all&quot;],&quot;terms&quot;:[&quot;all&quot;]},&quot;event_type_2&quot;:{&quot;__name&quot;:&quot;\\u00c2ges&quot;,&quot;__tax&quot;:&quot;event_type_2&quot;,&quot;__filter_type&quot;:&quot;tax&quot;,&quot;__def_val&quot;:[&quot;all&quot;],&quot;__invals&quot;:[&quot;all&quot;],&quot;__notvals&quot;:[],&quot;__list&quot;:{&quot;all&quot;:[&quot;all&quot;,&quot;Tous&quot;],&quot;0-3-ans&quot;:[2767,&quot;0-3 ans&quot;,false,&quot;y&quot;],&quot;3-5-ans&quot;:[2768,&quot;3-5 ans&quot;,false,&quot;y&quot;],&quot;6-7-ans&quot;:[2769,&quot;6-7 ans&quot;,false,&quot;y&quot;],&quot;8-9-ans&quot;:[2770,&quot;8-9 ans&quot;,false,&quot;y&quot;],&quot;10-ans-et-plus&quot;:[2771,&quot;Ados + 10 ans&quot;,false,&quot;y&quot;],&quot;adultes&quot;:[2772,&quot;Adultes&quot;,false,&quot;y&quot;]},&quot;nterms&quot;:[&quot;all&quot;],&quot;tterms&quot;:[&quot;all&quot;],&quot;terms&quot;:[&quot;all&quot;]},&quot;event_organizer&quot;:{&quot;__name&quot;:&quot;Lieux&quot;,&quot;__tax&quot;:&quot;event_organizer&quot;,&quot;__filter_type&quot;:&quot;tax&quot;,&quot;__def_val&quot;:[&quot;all&quot;],&quot;__invals&quot;:[&quot;all&quot;],&quot;__notvals&quot;:[],&quot;__list&quot;:{&quot;all&quot;:[&quot;all&quot;,&quot;Tous&quot;],&quot;bibliobus&quot;:[1999,&quot;bibliobus&quot;,false,&quot;y&quot;],&quot;fete-du-livre-jeunesse&quot;:[4009,&quot;F\\u00eate du livre jeunesse&quot;,false,&quot;y&quot;],&quot;maison-du-livre-de-limage-et-du-son&quot;:[3129,&quot;Maison du livre, de l&#039;image et du son&quot;,false,&quot;y&quot;],&quot;mediatheque-du-rize&quot;:[710,&quot;m\\u00e9diath\\u00e8que du Rize&quot;,false,&quot;y&quot;],&quot;mediatheque-du-tonkin&quot;:[832,&quot;m\\u00e9diath\\u00e8que du Tonkin&quot;,false,&quot;y&quot;]},&quot;nterms&quot;:[&quot;all&quot;],&quot;tterms&quot;:[&quot;all&quot;],&quot;terms&quot;:[&quot;all&quot;]}}\" data-nav_data=\"{&quot;month_title&quot;:&quot;&lt;p id=&#039;evcal_cur&#039; class=&#039;evo_month_title padr10&#039;&gt; mai, 2026&lt;\\\/p&gt;&quot;,&quot;arrows&quot;:&quot;&lt;p class=&#039;evo_arrows&#039;&gt;\\r\\n\\t\\t\\t\\t\\t&lt;span id=&#039;evcal_prev&#039; class=&#039;evcal_arrows evcal_btn_prev evodfx evofx_jc_c evofx_ai_c&#039; &gt;&lt;i class=&#039;fa fa-chevron-left&#039;&gt;&lt;\\\/i&gt;&lt;\\\/span&gt;\\r\\n\\t\\t\\t\\t\\t&lt;span id=&#039;evcal_next&#039; class=&#039;evcal_arrows evo_arrow_next evcal_btn_next evodfx evofx_jc_c evofx_ai_c&#039; &gt;&lt;i class=&#039;fa fa-chevron-right&#039;&gt;&lt;\\\/i&gt;&lt;\\\/span&gt;\\r\\n\\t\\t\\t\\t\\t&lt;\\\/p&gt;&quot;}\" data-od=\"{&quot;lang_no_events&quot;:&quot;No Events&quot;,&quot;cal_tz_offset&quot;:120,&quot;cal_tz&quot;:&quot;Europe\\\/Paris&quot;}\" ><\/div>\r\n\t\t \t\t<div class='evo_cal_events' data-events=\"\"><\/div>\r\n\t\t \t<\/div>\r\n\t\t\t\t\r\n\t\t\t\r\n\t\t\t<a class=\"evorss_rss_btn evcal_btn\" href=\"https:\/\/mediatheques.villeurbanne.fr\/agenda\/agendamlis\"><em class=\"fa fa-rss\"><\/em> Flus RSS pour votre agenda<\/a>\t\t\t<\/div><!-- EventON End -->\r\n\t\t\t\n<div id=\"SL_balloon_obj\" style=\"display: block;\">\n<div id=\"SL_button\" style=\"background: transparent url('chrome:\/\/imtranslator\/content\/img\/util\/imtranslator-s.png') repeat scroll 0% 0%; display: none; width: 24px; height: 24px; position: absolute; cursor: pointer; visibility: visible; opacity: 1; transition: visibility 0.1s ease 0s, opacity 0.1s linear 0s; left: 533px; top: 353px;\"><\/div>\n<div id=\"SL_shadow_translation_result2\" style=\"display: none; margin-top: 30px; margin-left: 1px; direction: ltr; text-align: left; min-height: 40px;\"><\/div>\n<div id=\"SL_shadow_translator\" style=\"display: none;\">\n<div id=\"SL_providers\">\n<div id=\"SL_P0\" class=\"SL_BL_LABLE_ON\" title=\"Google\">G<\/div>\n<div id=\"SL_P1\" class=\"SL_BL_LABLE_ON\" title=\"Microsoft\">M<\/div>\n<div id=\"SL_P2\" class=\"SL_BL_LABLE_ON\" title=\"Translator\">T<\/div>\n<\/div>\n<div id=\"SL_planshet\" style=\"background: #f4f5f5 url('chrome:\/\/imtranslator\/content\/img\/util\/bg2.png') repeat scroll 0% 0%;\">\n<div id=\"SL_TB\">\n<div id=\"bubblelogo\" style=\"background: transparent url('chrome:\/\/imtranslator\/content\/img\/util\/imtranslator-s.png') repeat scroll 0% 0%; display: block; width: 24px; height: 24px; cursor: pointer; position: absolute;\"><\/div>\n<table id=\"SL_tables\">\n<tbody>\n<tr>\n<td align=\"right\" width=\"10%\"><input id=\"SLloc\" title=\"Fixer la langue\" type=\"checkbox\" data-_extension-text-contrast=\"\" \/><\/td>\n<td align=\"left\" width=\"20%\"><select id=\"SL_lng_from\"><option value=\"auto\">D\u00e9tecter la langue<\/option><option value=\"af\">Afrikaans<\/option><option value=\"sq\">Albanais<\/option><option value=\"de\">Allemand<\/option><option value=\"en\">Anglais<\/option><option value=\"ar\">Arabe<\/option><option value=\"hy\">Arm\u00e9nien<\/option><option value=\"az\">Az\u00e9ri<\/option><option value=\"eu\">Basque<\/option><option value=\"bn\">Bengali<\/option><option value=\"be\">Bi\u00e9lorusse<\/option><option value=\"my\">Birman<\/option><option value=\"bs\">Bosniaque<\/option><option value=\"bg\">Bulgare<\/option><option value=\"ca\">Catalan<\/option><option value=\"ceb\">Cebuano<\/option><option value=\"ny\">Chichewa<\/option><option value=\"zh-CN\">Chinois (Simp)<\/option><option value=\"zh-TW\">Chinois (Trad)<\/option><option value=\"si\">Cingalai<\/option><option value=\"ko\">Cor\u00e9en<\/option><option value=\"ht\">Cr\u00e9ole ha\u00eftien<\/option><option value=\"hr\">Croate<\/option><option value=\"da\">Danois<\/option><option value=\"es\">Espagnol<\/option><option value=\"eo\">Esp\u00e9ranto<\/option><option value=\"et\">Estonien<\/option><option value=\"fi\">Finnois<\/option><option value=\"fr\">Fran\u00e7ais<\/option><option value=\"gl\">Galicien<\/option><option value=\"cy\">Gallois<\/option><option value=\"ka\">G\u00e9orgien<\/option><option value=\"gu\">Goudjarati<\/option><option value=\"el\">Grec<\/option><option value=\"ha\">Haoussa<\/option><option value=\"iw\">H\u00e9breu<\/option><option value=\"hi\">Hindi<\/option><option value=\"hmn\">Hmong<\/option><option value=\"hu\">Hongrois<\/option><option value=\"ig\">Igbo<\/option><option value=\"id\">Indon\u00e9sien<\/option><option value=\"ga\">Irlandais<\/option><option value=\"is\">Islandais<\/option><option value=\"it\">Italien<\/option><option value=\"ja\">Japonais<\/option><option value=\"jw\">Javanais<\/option><option value=\"kn\">Kannada<\/option><option value=\"kk\">Kazakh<\/option><option value=\"km\">Khmer<\/option><option value=\"lo\">Laotien<\/option><option value=\"la\">Latin<\/option><option value=\"lv\">Letton<\/option><option value=\"lt\">Lituanien<\/option><option value=\"mk\">Mac\u00e9donien<\/option><option value=\"ms\">Malaisien<\/option><option value=\"ml\">Malayalam<\/option><option value=\"mg\">Malgache<\/option><option value=\"mt\">Maltais<\/option><option value=\"mi\">Maori<\/option><option value=\"mr\">Marathi<\/option><option value=\"mn\">Mongol<\/option><option value=\"nl\">N\u00e9erlandais<\/option><option value=\"ne\">N\u00e9palais<\/option><option value=\"no\">Norv\u00e9gien<\/option><option value=\"uz\">Ouzbek<\/option><option value=\"pa\">Panjabi<\/option><option value=\"fa\">Persan<\/option><option value=\"pl\">Polonais<\/option><option value=\"pt\">Portugais<\/option><option value=\"ro\">Roumain<\/option><option value=\"ru\">Russe<\/option><option value=\"sr\">Serbe<\/option><option value=\"st\">Sesotho<\/option><option value=\"sk\">Slovaque<\/option><option value=\"sl\">Slov\u00e8ne<\/option><option value=\"so\">Somali<\/option><option value=\"su\">Soudanais<\/option><option value=\"sv\">Su\u00e9dois<\/option><option value=\"sw\">Swahili<\/option><option value=\"tg\">Tadjik<\/option><option value=\"tl\">Tagalog<\/option><option value=\"ta\">Tamoul<\/option><option value=\"cs\">Tch\u00e8que<\/option><option value=\"te\">Telugu<\/option><option value=\"th\">Tha\u00ef<\/option><option value=\"tr\">Turc<\/option><option value=\"uk\">Ukrainien<\/option><option value=\"ur\">Urdu<\/option><option value=\"vi\">Vietnamien<\/option><option value=\"yi\">Yiddish<\/option><option value=\"yo\">Yorouba<\/option><option value=\"zu\">Zoulou<\/option><\/select><\/td>\n<td align=\"center\" width=\"5%\"><\/td>\n<td align=\"left\" width=\"20%\"><select id=\"SL_lng_to\"><option value=\"af\">Afrikaans<\/option><option value=\"sq\">Albanais<\/option><option value=\"de\">Allemand<\/option><option value=\"en\">Anglais<\/option><option value=\"ar\">Arabe<\/option><option value=\"hy\">Arm\u00e9nien<\/option><option value=\"az\">Az\u00e9ri<\/option><option value=\"eu\">Basque<\/option><option value=\"bn\">Bengali<\/option><option value=\"be\">Bi\u00e9lorusse<\/option><option value=\"my\">Birman<\/option><option value=\"bs\">Bosniaque<\/option><option value=\"bg\">Bulgare<\/option><option value=\"ca\">Catalan<\/option><option value=\"ceb\">Cebuano<\/option><option value=\"ny\">Chichewa<\/option><option value=\"zh-CN\">Chinois (Simp)<\/option><option value=\"zh-TW\">Chinois (Trad)<\/option><option value=\"si\">Cingalai<\/option><option value=\"ko\">Cor\u00e9en<\/option><option value=\"ht\">Cr\u00e9ole ha\u00eftien<\/option><option value=\"hr\">Croate<\/option><option value=\"da\">Danois<\/option><option value=\"es\">Espagnol<\/option><option value=\"eo\">Esp\u00e9ranto<\/option><option value=\"et\">Estonien<\/option><option value=\"fi\">Finnois<\/option><option value=\"fr\">Fran\u00e7ais<\/option><option value=\"gl\">Galicien<\/option><option value=\"cy\">Gallois<\/option><option value=\"ka\">G\u00e9orgien<\/option><option value=\"gu\">Goudjarati<\/option><option value=\"el\">Grec<\/option><option value=\"ha\">Haoussa<\/option><option value=\"iw\">H\u00e9breu<\/option><option value=\"hi\">Hindi<\/option><option value=\"hmn\">Hmong<\/option><option value=\"hu\">Hongrois<\/option><option value=\"ig\">Igbo<\/option><option value=\"id\">Indon\u00e9sien<\/option><option value=\"ga\">Irlandais<\/option><option value=\"is\">Islandais<\/option><option value=\"it\">Italien<\/option><option value=\"ja\">Japonais<\/option><option value=\"jw\">Javanais<\/option><option value=\"kn\">Kannada<\/option><option value=\"kk\">Kazakh<\/option><option value=\"km\">Khmer<\/option><option value=\"lo\">Laotien<\/option><option value=\"la\">Latin<\/option><option value=\"lv\">Letton<\/option><option value=\"lt\">Lituanien<\/option><option value=\"mk\">Mac\u00e9donien<\/option><option value=\"ms\">Malaisien<\/option><option value=\"ml\">Malayalam<\/option><option value=\"mg\">Malgache<\/option><option value=\"mt\">Maltais<\/option><option value=\"mi\">Maori<\/option><option value=\"mr\">Marathi<\/option><option value=\"mn\">Mongol<\/option><option value=\"nl\">N\u00e9erlandais<\/option><option value=\"ne\">N\u00e9palais<\/option><option value=\"no\">Norv\u00e9gien<\/option><option value=\"uz\">Ouzbek<\/option><option value=\"pa\">Panjabi<\/option><option value=\"fa\">Persan<\/option><option value=\"pl\">Polonais<\/option><option value=\"pt\">Portugais<\/option><option value=\"ro\">Roumain<\/option><option value=\"ru\">Russe<\/option><option value=\"sr\">Serbe<\/option><option value=\"st\">Sesotho<\/option><option value=\"sk\">Slovaque<\/option><option value=\"sl\">Slov\u00e8ne<\/option><option value=\"so\">Somali<\/option><option value=\"su\">Soudanais<\/option><option value=\"sv\">Su\u00e9dois<\/option><option value=\"sw\">Swahili<\/option><option value=\"tg\">Tadjik<\/option><option value=\"tl\">Tagalog<\/option><option value=\"ta\">Tamoul<\/option><option value=\"cs\">Tch\u00e8que<\/option><option value=\"te\">Telugu<\/option><option value=\"th\">Tha\u00ef<\/option><option value=\"tr\">Turc<\/option><option value=\"uk\">Ukrainien<\/option><option value=\"ur\">Urdu<\/option><option value=\"vi\">Vietnamien<\/option><option value=\"yi\">Yiddish<\/option><option value=\"yo\">Yorouba<\/option><option value=\"zu\">Zoulou<\/option><\/select><\/td>\n<td align=\"center\" width=\"5%\"><\/td>\n<td align=\"center\" width=\"6%\"><\/td>\n<td align=\"center\" width=\"6%\"><\/td>\n<td align=\"center\" width=\"6%\"><\/td>\n<td align=\"center\" width=\"6%\"><\/td>\n<td width=\"10%\"><\/td>\n<td align=\"right\" width=\"6%\"><\/td>\n<\/tr>\n<\/tbody>\n<\/table>\n<\/div>\n<\/div>\n<div id=\"SL_shadow_translation_result\" style=\"background: #ffffff url('chrome:\/\/imtranslator\/content\/img\/util\/bg.png') repeat scroll 0% 0%; visibility: visible; min-height: 40px;\"><\/div>\n<div id=\"SL_loading\" style=\"background: transparent url('chrome:\/\/imtranslator\/content\/img\/util\/indicator.gif') repeat scroll 0% 0%; display: block; position: absolute; width: 35px; margin-left: 180px; margin-top: -40px; height: 35px;\"><\/div>\n<div id=\"SL_player2\" style=\"display: none; height: 0px; width: 0px;\"><\/div>\n<div id=\"SL_alert100\" style=\"background: transparent url('chrome:\/\/imtranslator\/content\/img\/util\/bg2.png') repeat scroll 0% 0%; display: none;\">Fonction Sound est limit\u00e9e \u00e0 100 caract\u00e8res<\/div>\n<div id=\"SL_bbl_donate\" style=\"background: transparent url('chrome:\/\/imtranslator\/content\/img\/util\/donate2.png') repeat scroll 0% 0%;\" title=\"Faire une contribution\"><\/div>\n<div id=\"SL_Balloon_options\" style=\"background: #ffffff url('chrome:\/\/imtranslator\/content\/img\/util\/bg3.png') repeat scroll 0% 0%;\"><a id=\"OPlnk\" title=\"Afficher les options\" href=\"#\">Options<\/a> : <a id=\"HISTlnk\" title=\"Historique des traductions\" href=\"#\">Historique<\/a> : <a id=\"HELPlnk\" title=\"Aide\" href=\"http:\/\/about.imtranslator.net\/tutorials\/presentations\/imtranslator-translator-for-firefox\/popup-bubble-application\/\" target=\"_blank\" rel=\"noopener noreferrer\">Aide<\/a> : <a id=\"FBlnk\" title=\"Commentaires\" href=\"#\">Commentaires<\/a><a id=\"SL_Balloon_Close\" title=\"Fermer\" href=\"#\">Fermer<\/a><\/div>\n<\/div>\n<\/div>\n","protected":false},"excerpt":{"rendered":"<p>G M T D\u00e9tecter la langueAfrikaansAlbanaisAllemandAnglaisArabeArm\u00e9nienAz\u00e9riBasqueBengaliBi\u00e9lorusseBirmanBosniaqueBulgareCatalanCebuanoChichewaChinois (Simp)Chinois (Trad)CingalaiCor\u00e9enCr\u00e9ole ha\u00eftienCroateDanoisEspagnolEsp\u00e9rantoEstonienFinnoisFran\u00e7aisGalicienGalloisG\u00e9orgienGoudjaratiGrecHaoussaH\u00e9breuHindiHmongHongroisIgboIndon\u00e9sienIrlandaisIslandaisItalienJaponaisJavanaisKannadaKazakhKhmerLaotienLatinLettonLituanienMac\u00e9donienMalaisienMalayalamMalgacheMaltaisMaoriMarathiMongolN\u00e9erlandaisN\u00e9palaisNorv\u00e9gienOuzbekPanjabiPersanPolonaisPortugaisRoumainRusseSerbeSesothoSlovaqueSlov\u00e8neSomaliSoudanaisSu\u00e9doisSwahiliTadjikTagalogTamoulTch\u00e8queTeluguTha\u00efTurcUkrainienUrduVietnamienYiddishYoroubaZoulou AfrikaansAlbanaisAllemandAnglaisArabeArm\u00e9nienAz\u00e9riBasqueBengaliBi\u00e9lorusseBirmanBosniaqueBulgareCatalanCebuanoChichewaChinois (Simp)Chinois (Trad)CingalaiCor\u00e9enCr\u00e9ole ha\u00eftienCroateDanoisEspagnolEsp\u00e9rantoEstonienFinnoisFran\u00e7aisGalicienGalloisG\u00e9orgienGoudjaratiGrecHaoussaH\u00e9breuHindiHmongHongroisIgboIndon\u00e9sienIrlandaisIslandaisItalienJaponaisJavanaisKannadaKazakhKhmerLaotienLatinLettonLituanienMac\u00e9donienMalaisienMalayalamMalgacheMaltaisMaoriMarathiMongolN\u00e9erlandaisN\u00e9palaisNorv\u00e9gienOuzbekPanjabiPersanPolonaisPortugaisRoumainRusseSerbeSesothoSlovaqueSlov\u00e8neSomaliSoudanaisSu\u00e9doisSwahiliTadjikTagalogTamoulTch\u00e8queTeluguTha\u00efTurcUkrainienUrduVietnamienYiddishYoroubaZoulou Fonction Sound est limit\u00e9e \u00e0 100 caract\u00e8res Options : Historique : Aide : CommentairesFermer<\/p>\n","protected":false},"author":27,"featured_media":0,"parent":0,"menu_order":0,"comment_status":"closed","ping_status":"closed","template":"","meta":{"footnotes":""},"class_list":["post-2042","page","type-page","status-publish","hentry"],"_links":{"self":[{"href":"https:\/\/mediatheques.villeurbanne.fr\/agenda\/wp-json\/wp\/v2\/pages\/2042","targetHints":{"allow":["GET"]}}],"collection":[{"href":"https:\/\/mediatheques.villeurbanne.fr\/agenda\/wp-json\/wp\/v2\/pages"}],"about":[{"href":"https:\/\/mediatheques.villeurbanne.fr\/agenda\/wp-json\/wp\/v2\/types\/page"}],"author":[{"embeddable":true,"href":"https:\/\/mediatheques.villeurbanne.fr\/agenda\/wp-json\/wp\/v2\/users\/27"}],"replies":[{"embeddable":true,"href":"https:\/\/mediatheques.villeurbanne.fr\/agenda\/wp-json\/wp\/v2\/comments?post=2042"}],"version-history":[{"count":202,"href":"https:\/\/mediatheques.villeurbanne.fr\/agenda\/wp-json\/wp\/v2\/pages\/2042\/revisions"}],"predecessor-version":[{"id":18041,"href":"https:\/\/mediatheques.villeurbanne.fr\/agenda\/wp-json\/wp\/v2\/pages\/2042\/revisions\/18041"}],"wp:attachment":[{"href":"https:\/\/mediatheques.villeurbanne.fr\/agenda\/wp-json\/wp\/v2\/media?parent=2042"}],"curies":[{"name":"wp","href":"https:\/\/api.w.org\/{rel}","templated":true}]}}