{"id":147,"date":"2012-06-15T09:11:29","date_gmt":"2012-06-15T07:11:29","guid":{"rendered":"http:\/\/mediatheques.villeurbanne.fr\/agenda\/?page_id=147"},"modified":"2021-06-09T12:11:11","modified_gmt":"2021-06-09T10:11:11","slug":"mentions-legales","status":"publish","type":"page","link":"https:\/\/mediatheques.villeurbanne.fr\/agenda\/mentions-legales\/","title":{"rendered":"Mentions l\u00e9gales et donn\u00e9es personnelles"},"content":{"rendered":"<div>\n<h2 data-tadv-p=\"keep\"><strong>Collecte et protection des donn\u00e9es \u00e0 caract\u00e8re personnel<\/strong><\/h2>\n<p>Dans le cadre de votre visite sur notre site, vous \u00eates amen\u00e9s \u00e0 nous communiquer certaines informations vous concernant (coordonn\u00e9es, commentaires\u2026). La ville de Villeurbanne s\u2019engage pour la protection de vos donn\u00e9es personnelles, d\u00e8s leur collecte et tout au long de leur traitement, conform\u00e9ment \u00e0 la loi du 6 janvier 1978 modifi\u00e9e relative \u00e0 l&rsquo;informatique, aux fichiers et aux libert\u00e9s ainsi qu\u2019au r\u00e8glement g\u00e9n\u00e9ral de protection des donn\u00e9es (RGPD &#8211; UE) 2016\/679 du 27\/04\/2016. Les m\u00e9diath\u00e8ques de Villeurbanne s\u2019engagent \u00e0 mettre en \u0153uvre les mesures n\u00e9cessaires pour garantir la s\u00e9curit\u00e9 et la bonne utilisation des informations qui vous concernent.<\/p>\n<h2 data-tadv-p=\"keep\"><strong>Responsable de traitement<\/strong><\/h2>\n<p>La ville de Villeurbanne est responsable de l\u2019utilisation de vos donn\u00e9es \u00e0 caract\u00e8re personnel transmises de mani\u00e8re volontaire dans le cadre de vos \u00e9changes informatiques et\/ou papier avec les M\u00e9diath\u00e8ques de la Ville.<\/p>\n<h2 data-tadv-p=\"keep\"><strong>Utilisation de vos donn\u00e9es <\/strong><\/h2>\n<p>Les informations personnelles qui peuvent vous \u00eatre demand\u00e9es sont utilis\u00e9es :<\/p>\n<ol>\n<li>mettre en \u0153uvre la mission de service public qui nous est confi\u00e9e (inscription aux \u00e9v\u00e8nements, \u00e0 la m\u00e9diath\u00e8que\u2026),<\/li>\n<li>pour vous communiquer les informations relatives \u00e0 ce service public, \u00a0horaires\u2026 ;<\/li>\n<li>avec votre consentement, vous transmettre des bulletins d&rsquo;informations (newsletter),<\/li>\n<li>nous contacter, dans le cadre d\u2019une demande d\u2019information particuli\u00e8re ou suite \u00e0 la compl\u00e9tude d\u2019un formulaire.<\/li>\n<\/ol>\n<p>Les informations collect\u00e9es sont r\u00e9serv\u00e9es \u00e0 l\u2019usage des services de la Ville concern\u00e9s et ne peuvent \u00eatre communiqu\u00e9es qu\u2019au personnel de la Ville ainsi qu\u2019\u00e0 toute personne l\u00e9galement autoris\u00e9e \u00e0 acc\u00e9der aux donn\u00e9es. Elles ne feront l\u2019objet d\u2019aucune cession, ni d\u2019aucun traitement commercial de la part de la ville de Villeurbanne.<\/p>\n<p>La ville de Villeurbanne conserve ces informations de mani\u00e8re confidentielle, pendant une dur\u00e9e justifi\u00e9e par les n\u00e9cessit\u00e9s de mise en \u0153uvre du service public et dans le respect des d\u00e9lais l\u00e9gaux en vigueur.<\/p>\n<p>Les informations collect\u00e9es, et pr\u00e9alablement rendues anonymes, peuvent \u00eatre utilis\u00e9es \u00e0 des fins statistiques.<\/p>\n<h2 data-tadv-p=\"keep\"><strong>Leur s\u00e9curit\u00e9 <\/strong><\/h2>\n<p>La Ville de Villeurbanne s\u2019engage \u00e0 assurer la s\u00e9curit\u00e9 de vos donn\u00e9es en mettant en place une protection des donn\u00e9es renforc\u00e9e par l\u2019utilisation de moyens de s\u00e9curisation physiques et logiques.<\/p>\n<h2 data-tadv-p=\"keep\"><strong>Les formulaires <\/strong><\/h2>\n<p>Le caract\u00e8re facultatif ou obligatoire des donn\u00e9es est indiqu\u00e9 sur chaque formulaire.<\/p>\n<p>Ces formulaires regroupent des informations qui vous sont demand\u00e9es afin de vous identifier et\u00a0 vous permettre ainsi l&rsquo;acc\u00e8s aux services propos\u00e9s. Certains de ces formulaires ne rev\u00eatent pas un caract\u00e8re obligatoire. Vous pouvez donc choisir de ne pas les remplir.<\/p>\n<p>D&rsquo;autres formulaires doivent par contre \u00eatre obligatoirement remplis pour nous permettre de r\u00e9pondre \u00e0 votre demande.<\/p>\n<h2 data-tadv-p=\"keep\"><strong>Les cookies<\/strong><\/h2>\n<p>Un cookie est un petit fichier qui est stock\u00e9 par votre navigateur lors de votre premi\u00e8re visite sur un site. Il contient plusieurs donn\u00e9es (nom du serveur qui l&rsquo;a d\u00e9pos\u00e9, un identifiant sous forme de num\u00e9ro unique, \u00e9ventuellement une date d&rsquo;expiration). Une fois install\u00e9s, ils nous permettent de vous reconna\u00eetre \u00e0 chaque visite, et donc de vous faire profiter de toutes les fonctionnalit\u00e9s de notre site. Les cookies ne sont pas des dossiers actifs, et ne peuvent donc pas h\u00e9berger de virus.<\/p>\n<p>Lors de votre premi\u00e8re visite sur mediatheques.villeurbanne.fr, un bandeau vous informe de la pr\u00e9sence de ces cookies et vous invite \u00e0 indiquer votre choix. Ils ne sont d\u00e9pos\u00e9s que si vous les acceptez.<\/p>\n<p>Le site utilise des \u00ab\u00a0cookies\u00a0\u00bb pour les raisons suivantes\u00a0:<\/p>\n<ol>\n<li>pour nous aider \u00e0 reconna\u00eetre votre navigateur et pour enregistrer les pr\u00e9f\u00e9rences que vous avez d\u00e9termin\u00e9es lors de votre pr\u00e9c\u00e9dente visite sur le site<\/li>\n<li>pour nous aider \u00e0 mesurer et \u00e9tudier l&rsquo;efficacit\u00e9 de notre contenu interactif en ligne, de ses caract\u00e9ristiques et autres communications<\/li>\n<li>pour suivre les donn\u00e9es analytiques sur le site, l&rsquo;utilisation faite du site par les utilisateurs et pour am\u00e9liorer les services et les contenus de mediatheques.villeurbanne.fr<\/li>\n<\/ol>\n<p>Les traceurs internes de nos sites ne sont pas conserv\u00e9s au-del\u00e0 de treize mois et ne sont pas prorog\u00e9s lors des nouvelles visites.<\/p>\n<p>Les cookies sont g\u00e9r\u00e9s par votre navigateur internet. Vous pouvez \u00e0 tout moment choisir de d\u00e9sactiver tout ou partie des cookies. Votre navigateur peut \u00e9galement \u00eatre param\u00e9tr\u00e9 pour vous signaler les cookies d\u00e9pos\u00e9s dans votre terminal et demander de les accepter ou non (au cas par cas ou en totalit\u00e9).<\/p>\n<p>Pour savoir comment proc\u00e9der, consultez les liens ci-dessous en fonction de votre type de navigateur<\/p>\n<ul>\n<li><a href=\"https:\/\/support.mozilla.org\/fr\/kb\/activer-desactiver-cookies-preferences?redirectlocale=fr&amp;redirectslug=activer-desactiver-cookies\">Firefox<\/a><\/li>\n<li><a href=\"https:\/\/support.google.com\/chrome\/answer\/95647?hl=fr\">Chrome<\/a><\/li>\n<li><a href=\"https:\/\/support.microsoft.com\/fr-fr\/help\/17442\/windows-internet-explorer-delete-manage-cookies#ie=ie-9\">Explorer<\/a><\/li>\n<li><a href=\"https:\/\/support.apple.com\/kb\/PH17191?locale=fr_FR&amp;viewlocale=fr_FR\">Safari<\/a><\/li>\n<li><a href=\"http:\/\/help.opera.com\/Windows\/10.20\/fr\/cookies.html\">Opera<\/a><\/li>\n<li><a href=\"https:\/\/support.apple.com\/fr-fr\/HT201265\">iOS<\/a><\/li>\n<li><a href=\"https:\/\/www.wikihow.com\/Disable-Cookies#Android_Devices\">Andro\u00efd<\/a><\/li>\n<li><a href=\"https:\/\/global.blackberry.com\/fr\/legal\/cookies\">Blackberry<\/a><\/li>\n<li><a href=\"https:\/\/support.microsoft.com\/fr-fr\/help\/11696\/windows-phone-7\">Windows Phone<\/a><\/li>\n<\/ul>\n<p>Pour plus de pr\u00e9cisions sur ces param\u00e9trages, rendez-vous sur le site de la <a href=\"https:\/\/www.cnil.fr\/fr\/cookies-les-outils-pour-les-maitriser\">CNIL.<\/a><\/p>\n<h2 data-tadv-p=\"keep\"><strong>Vos droits<\/strong><\/h2>\n<p>Conform\u00e9ment aux dispositions du R\u00e8glement G\u00e9n\u00e9ral sur la Protection des Donn\u00e9es personnelles, vous disposez des droits suivants :<\/p>\n<ul>\n<li>d\u2019acc\u00e9der \u00e0 vos donn\u00e9es,<\/li>\n<li>de demander leur rectification,<\/li>\n<li>de demander leur effacement<\/li>\n<li>de demander la limitation de leur traitement<\/li>\n<li>de demander leur portabilit\u00e9,<\/li>\n<li>de vous opposer \u00e0 leur traitement, et<\/li>\n<li>de d\u00e9finir des directives relatives au sort de vos donn\u00e9es apr\u00e8s votre d\u00e9c\u00e8s.<\/li>\n<\/ul>\n<p>Pour mieux conna\u00eetre vos droits, rendez-vous sur le site de la <a href=\"https:\/\/www.cnil.fr\/fr\">CNIL<\/a>.<\/p>\n<p><strong>Ces droits peuvent \u00eatre exerc\u00e9s sur demande \u00e9crite adress\u00e9e \u00e0 :<\/strong><\/p>\n<p style=\"text-align: center;\" data-tadv-p=\"keep\">Ville de Villeurbanne<\/p>\n<p style=\"text-align: center;\" data-tadv-p=\"keep\">D\u00e9l\u00e9gu\u00e9 \u00e0 la protection des donn\u00e9es<\/p>\n<p style=\"text-align: center;\" data-tadv-p=\"keep\">CS 65051 69601 Villeurbanne<\/p>\n<p style=\"text-align: center;\" data-tadv-p=\"keep\">Tel : 04 78 03 67 67<\/p>\n<p style=\"text-align: center;\" data-tadv-p=\"keep\"><a href=\"mailto:dpd@mairie-villeurbanne.fr\">dpd@mairie-villeurbanne.fr<\/a><\/p>\n<p>En cas de r\u00e9clamation, vous pouvez choisir de saisir la CNIL.<\/p>\n<h2 data-tadv-p=\"keep\"><strong>Les sites tiers <\/strong><\/h2>\n<p>Notre site peut contenir des liens hypertextes vers ou depuis des sites externes.<br \/>\nCes liens \u00a0mis en place et les contenus des sites vers lesquels ils pointent ne sauraient engager la responsabilit\u00e9 de la ville de Villeurbanne.<\/p>\n<p>Si vous naviguez vers des sites tiers, nous vous informons que ces derniers poss\u00e8dent leur propre politique de confidentialit\u00e9 dont vous devez prendre connaissance. Toute utilisation de liens vers le site mediatheques.villeurbanne.fr \u00e0 des fins commerciales et publicitaires est interdite.<\/p>\n<p>La ville de Villeurbanne se r\u00e9serve le droit de demander la suppression d&rsquo;un lien qu&rsquo;elle estime non conforme \u00e0 sa ligne \u00e9ditoriale.<\/p>\n<h2 data-tadv-p=\"keep\"><strong>Gestion \u00e9ditoriale<\/strong><\/h2>\n<p>Le site mediatheques.villeurbanne.fr, h\u00e9berg\u00e9 par Eolas.<\/p>\n<p>Il est une cr\u00e9ation intellectuelle originale qui, par cons\u00e9quent entre dans le champ de protection du droit d\u2019auteur. Son contenu est \u00e9galement prot\u00e9g\u00e9 par des droits de propri\u00e9t\u00e9 intellectuelle et\/ou industrielle.<\/p>\n<p>Toute personne qui portera atteinte aux droits de propri\u00e9t\u00e9 intellectuelle attach\u00e9s aux diff\u00e9rents objets de ce site Internet se rend coupable du d\u00e9lit de contrefa\u00e7on et est passible des sanctions p\u00e9nales pr\u00e9vues par la loi.<\/p>\n<p><strong>Directeur de publication<\/strong> : C\u00e9dric Van Styvendael, maire de Villeurbanne<br \/>\n<strong>Direction \u00e9ditoriale<\/strong> : Jean Baptiste Corbier, directeur du R\u00e9seau de lecture publique<\/p>\n<p>Pour toute information li\u00e9e \u00e0 son fonctionnement ou son utilisation, nous vous prions de bien vouloir contacter :<\/p>\n<p style=\"text-align: center;\" data-tadv-p=\"keep\">Maison du livre de l\u2019image et du son Fran\u00e7ois Mitterrand<\/p>\n<p style=\"text-align: center;\" data-tadv-p=\"keep\">247 cours Emile Zola<\/p>\n<p style=\"text-align: center;\" data-tadv-p=\"keep\">69100 Villeurbanne<\/p>\n<p style=\"text-align: center;\" data-tadv-p=\"keep\">Tel : 04 78 68 04 04<\/p>\n<p style=\"text-align: center;\" data-tadv-p=\"keep\">Fax : 04 78 68 30 39<\/p>\n<h2 data-tadv-p=\"keep\"><strong>Bases de donn\u00e9es<\/strong><\/h2>\n<p>Les bases de donn\u00e9es sont prot\u00e9g\u00e9es par la loi du 1er juillet 1998 et le r\u00e9gime fran\u00e7ais et communautaire du droit d\u2019auteur. Les usagers du site s\u2019obligent \u00e0 s\u2019interdire toute collecte, captation, modification ou utilisation. Toute extraction substantielle des bases de donn\u00e9es du pr\u00e9sent site est strictement interdite.<\/p>\n<p>Le pr\u00e9sent site a \u00e9t\u00e9 optimis\u00e9 pour les navigateurs Internet Explorer 7 et 8, Firefox 2 et 3, Safari, Op\u00e9ra et Chrome.<\/p>\n<\/div>\n","protected":false},"excerpt":{"rendered":"<p>Collecte et protection des donn\u00e9es \u00e0 caract\u00e8re personnel Dans le cadre de votre visite sur notre site, vous \u00eates amen\u00e9s \u00e0 nous communiquer certaines informations vous concernant (coordonn\u00e9es, commentaires\u2026). La [&hellip;]<\/p>\n","protected":false},"author":30,"featured_media":0,"parent":0,"menu_order":0,"comment_status":"closed","ping_status":"closed","template":"","meta":{"footnotes":""},"class_list":["post-147","page","type-page","status-publish","hentry"],"_links":{"self":[{"href":"https:\/\/mediatheques.villeurbanne.fr\/agenda\/wp-json\/wp\/v2\/pages\/147","targetHints":{"allow":["GET"]}}],"collection":[{"href":"https:\/\/mediatheques.villeurbanne.fr\/agenda\/wp-json\/wp\/v2\/pages"}],"about":[{"href":"https:\/\/mediatheques.villeurbanne.fr\/agenda\/wp-json\/wp\/v2\/types\/page"}],"author":[{"embeddable":true,"href":"https:\/\/mediatheques.villeurbanne.fr\/agenda\/wp-json\/wp\/v2\/users\/30"}],"replies":[{"embeddable":true,"href":"https:\/\/mediatheques.villeurbanne.fr\/agenda\/wp-json\/wp\/v2\/comments?post=147"}],"version-history":[{"count":9,"href":"https:\/\/mediatheques.villeurbanne.fr\/agenda\/wp-json\/wp\/v2\/pages\/147\/revisions"}],"predecessor-version":[{"id":12310,"href":"https:\/\/mediatheques.villeurbanne.fr\/agenda\/wp-json\/wp\/v2\/pages\/147\/revisions\/12310"}],"wp:attachment":[{"href":"https:\/\/mediatheques.villeurbanne.fr\/agenda\/wp-json\/wp\/v2\/media?parent=147"}],"curies":[{"name":"wp","href":"https:\/\/api.w.org\/{rel}","templated":true}]}}